{"id":10,"date":"2015-04-13T21:37:44","date_gmt":"2015-04-13T19:37:44","guid":{"rendered":"http:\/\/www.middendorf-vermessung.de\/?page_id=10"},"modified":"2023-05-06T06:26:56","modified_gmt":"2023-05-06T04:26:56","slug":"startseite","status":"publish","type":"page","link":"https:\/\/www.middendorf-vermessung.de\/","title":{"rendered":"Startseite"},"content":{"rendered":"\n<figure class=\"wp-block-image\"><img loading=\"lazy\" decoding=\"async\" width=\"650\" height=\"157\" src=\"http:\/\/www.middendorf-vermessung.de\/wp-content\/uploads\/2015\/11\/st_hdr.jpg\" alt=\"st_hdr\" class=\"wp-image-120\" srcset=\"https:\/\/www.middendorf-vermessung.de\/wp-content\/uploads\/2015\/11\/st_hdr.jpg 650w, https:\/\/www.middendorf-vermessung.de\/wp-content\/uploads\/2015\/11\/st_hdr-300x72.jpg 300w\" sizes=\"auto, (max-width: 650px) 100vw, 650px\" \/><\/figure>\n\n\n\n<h1 class=\"wp-block-heading\">Herzlich willkommen im Vermessungsb\u00fcro Middendorf<\/h1>\n\n\n\n<div align=\"center\">\n\t<ul id=\"slideshowgallery1404\" class=\"slideshowgallery1404\" style=\"display:none;\">\n\t\t\t\t\t<!-- From all slides or gallery slides -->\n\t\t\t\t\t\t\t\n\t\t\t\t<li>\n\t\t\t\t\t<h3 style=\"opacity:70;\">_HPA0162_2015_10_27_131319_V1<\/h3>\n\t\t\t\t\t\t\t\t\t\t\t<span data-alt=\"hpa016220151027131319v1\">https:\/\/www.middendorf-vermessung.de\/wp-content\/uploads\/2015\/11\/HPA0162_2015_10_27_131319_V1.jpg<\/span>\n\t\t\t\t\t\t\t\t\t\t<p><\/p>\n\t\t\t\t\t\t\t\t\t\t\t\t\t\t\t\t\t\t<a><\/a>\n\t\t\t\t\t\t\t\t\t\t\t\t\t\t\t<\/li>\n\t\t\t\t\t\t\t\n\t\t\t\t<li>\n\t\t\t\t\t<h3 style=\"opacity:70;\">_HPA0791_2016_06_23_193225_2<\/h3>\n\t\t\t\t\t\t\t\t\t\t\t<span data-alt=\"hpa0791201606231932252\">https:\/\/www.middendorf-vermessung.de\/wp-content\/uploads\/2016\/07\/HPA0791_2016_06_23_193225_2.jpg<\/span>\n\t\t\t\t\t\t\t\t\t\t<p><\/p>\n\t\t\t\t\t\t\t\t\t\t\t\t\t\t\t\t\t\t<a><\/a>\n\t\t\t\t\t\t\t\t\t\t\t\t\t\t\t<\/li>\n\t\t\t\t\t\t\t\n\t\t\t\t<li>\n\t\t\t\t\t<h3 style=\"opacity:70;\">_HPA0112_2015_10_27_130103<\/h3>\n\t\t\t\t\t\t\t\t\t\t\t<span data-alt=\"hpa011220151027130103\">https:\/\/www.middendorf-vermessung.de\/wp-content\/uploads\/2015\/11\/HPA0112_2015_10_27_130103.jpg<\/span>\n\t\t\t\t\t\t\t\t\t\t<p><\/p>\n\t\t\t\t\t\t\t\t\t\t\t\t\t\t\t\t\t\t<a><\/a>\n\t\t\t\t\t\t\t\t\t\t\t\t\t\t\t<\/li>\n\t\t\t\t\t\t\t\n\t\t\t\t<li>\n\t\t\t\t\t<h3 style=\"opacity:70;\">_HPA0076_2015_10_27_123815<\/h3>\n\t\t\t\t\t\t\t\t\t\t\t<span data-alt=\"hpa007620151027123815\">https:\/\/www.middendorf-vermessung.de\/wp-content\/uploads\/2015\/11\/HPA0076_2015_10_27_123815.jpg<\/span>\n\t\t\t\t\t\t\t\t\t\t<p><\/p>\n\t\t\t\t\t\t\t\t\t\t\t\t\t\t\t\t\t\t<a><\/a>\n\t\t\t\t\t\t\t\t\t\t\t\t\t\t\t<\/li>\n\t\t\t\t\t\t\t\n\t\t\t\t<li>\n\t\t\t\t\t<h3 style=\"opacity:70;\">_HPA0134_2015_10_27_130645<\/h3>\n\t\t\t\t\t\t\t\t\t\t\t<span data-alt=\"hpa013420151027130645\">https:\/\/www.middendorf-vermessung.de\/wp-content\/uploads\/2015\/11\/HPA0134_2015_10_27_130645.jpg<\/span>\n\t\t\t\t\t\t\t\t\t\t<p><\/p>\n\t\t\t\t\t\t\t\t\t\t\t\t\t\t\t\t\t\t<a><\/a>\n\t\t\t\t\t\t\t\t\t\t\t\t\t\t\t<\/li>\n\t\t\t\t\t\t\t\n\t\t\t\t<li>\n\t\t\t\t\t<h3 style=\"opacity:70;\">_HPA0039_2015_10_27_121522<\/h3>\n\t\t\t\t\t\t\t\t\t\t\t<span data-alt=\"hpa003920151027121522\">https:\/\/www.middendorf-vermessung.de\/wp-content\/uploads\/2015\/11\/HPA0039_2015_10_27_121522.jpg<\/span>\n\t\t\t\t\t\t\t\t\t\t<p><\/p>\n\t\t\t\t\t\t\t\t\t\t\t\t\t\t\t\t\t\t<a><\/a>\n\t\t\t\t\t\t\t\t\t\t\t\t\t\t\t<\/li>\n\t\t\t\t\t\t\t\n\t\t\t\t<li>\n\t\t\t\t\t<h3 style=\"opacity:70;\">_HPA0048_2015_10_27_122949<\/h3>\n\t\t\t\t\t\t\t\t\t\t\t<span data-alt=\"hpa004820151027122949\">https:\/\/www.middendorf-vermessung.de\/wp-content\/uploads\/2015\/11\/HPA0048_2015_10_27_122949.jpg<\/span>\n\t\t\t\t\t\t\t\t\t\t<p><\/p>\n\t\t\t\t\t\t\t\t\t\t\t\t\t\t\t\t\t\t<a><\/a>\n\t\t\t\t\t\t\t\t\t\t\t\t\t\t\t<\/li>\n\t\t\t\t\t\t\t\n\t\t\t\t<li>\n\t\t\t\t\t<h3 style=\"opacity:70;\">_HPA0155_2015_10_27_131203<\/h3>\n\t\t\t\t\t\t\t\t\t\t\t<span data-alt=\"hpa015520151027131203\">https:\/\/www.middendorf-vermessung.de\/wp-content\/uploads\/2015\/11\/HPA0155_2015_10_27_131203.jpg<\/span>\n\t\t\t\t\t\t\t\t\t\t<p><\/p>\n\t\t\t\t\t\t\t\t\t\t\t\t\t\t\t\t\t\t<a><\/a>\n\t\t\t\t\t\t\t\t\t\t\t\t\t\t\t<\/li>\n\t\t\t\t\t\t\t\n\t\t\t\t<li>\n\t\t\t\t\t<h3 style=\"opacity:70;\">_HPA0007_2015_10_27_120154<\/h3>\n\t\t\t\t\t\t\t\t\t\t\t<span data-alt=\"hpa000720151027120154\">https:\/\/www.middendorf-vermessung.de\/wp-content\/uploads\/2015\/11\/HPA0007_2015_10_27_120154.jpg<\/span>\n\t\t\t\t\t\t\t\t\t\t<p><\/p>\n\t\t\t\t\t\t\t\t\t\t\t\t\t\t\t\t\t\t<a><\/a>\n\t\t\t\t\t\t\t\t\t\t\t\t\t\t\t<\/li>\n\t\t\t\t\t\t<\/ul>\n\t\n\t<div id=\"slideshow-wrappergallery1404\" class=\"slideshow-wrapper\">\n\t\t\t\n\t\t<div class=\"slideshow-fullsize\" id=\"fullsizegallery1404\">\n\t\t\t\t\t\t\t\t\t<a id=\"imglinkgallery1404\" class=\"slideshow-imglink imglink\"><!-- link --><\/a>\n\t\t\t\t\t\t<div id=\"imagegallery1404\" class=\"slideshow-image\"><\/div>\n\t\t\t<div class=\"slideshow-information infobottom\" id=\"informationgallery1404\">\n\t\t\t\t<h3 class=\"slideshow-info-heading\">info heading<\/h3>\n\t\t\t\t<p class=\"slideshow-info-content\">info content<\/p>\n\t\t\t<\/div>\n\t\t<\/div>\n\t\t\n\t\t\t<\/div>\n\t\n\t\n\t<!-- Slideshow Gallery Javascript BEG -->\t\t<script type=\"text\/javascript\">\tjQuery.noConflict();\ttid('slideshowgallery1404').style.display = \"none\";\ttid('slideshow-wrappergallery1404').style.display = 'block';\ttid('slideshow-wrappergallery1404').style.visibility = 'hidden';\tvar spinnerDiv = document.createElement('div');\tspinnerDiv.setAttribute('id', 'spinnergallery1404');\tspinnerDiv.innerHTML = '<i class=\"fa fa-cog fa-spin\"><\/i>';\tjQuery(spinnerDiv).appendTo('#fullsizegallery1404');\ttid('spinnergallery1404').style.visibility = 'visible';\tvar slideshowgallery1404 = new TINY.slideshow(\"slideshowgallery1404\");\tjQuery(document).ready(function() {\t\tslideshowgallery1404.auto = true;\t\tslideshowgallery1404.speed = 5;\t\tslideshowgallery1404.effect = \"slide\";\t\tslideshowgallery1404.slide_direction = \"lr\";\t\tslideshowgallery1404.easing = \"swing\";\t\tslideshowgallery1404.alwaysauto = true;\t\tslideshowgallery1404.autoheight = false;\t\tslideshowgallery1404.autoheight_max = false;\t\tslideshowgallery1404.imgSpeed = 10;\t\tslideshowgallery1404.navOpacity = 25;\t\tslideshowgallery1404.navHover = 75;\t\tslideshowgallery1404.letterbox = \"#000000\";\t\tslideshowgallery1404.linkclass = \"linkhover\";\t\tslideshowgallery1404.imagesid = \"imagesgallery1404\";\t\tslideshowgallery1404.info = \"\";\t\tslideshowgallery1404.infoonhover = 0;\t\tslideshowgallery1404.infoSpeed = 10;\t\tslideshowgallery1404.infodelay = 0;\t\tslideshowgallery1404.infofade = 0;\t\tslideshowgallery1404.infofadedelay = 0;\t\tslideshowgallery1404.thumbs = \"\";\t\tslideshowgallery1404.thumbOpacity = 70;\t\tslideshowgallery1404.left = \"slideleftgallery1404\";\t\tslideshowgallery1404.right = \"sliderightgallery1404\";\t\tslideshowgallery1404.scrollSpeed = 5;\t\tslideshowgallery1404.spacing = 5;\t\tslideshowgallery1404.active = \"#ffffff\";\t\tslideshowgallery1404.imagesthickbox = \"false\";\t\tjQuery(\"#spinnergallery1404\").remove();\t\tslideshowgallery1404.init(\"slideshowgallery1404\",\"imagegallery1404\",\"\",\"\",\"imglinkgallery1404\");\t\ttid('slideshow-wrappergallery1404').style.visibility = 'visible';\t\tjQuery(window).trigger('resize');\t\t\t\t\t\t\tslideshowgallery1404.touch(tid('fullsizegallery1404'));\t\t\t\t\t\t\t\t\t});\t\t<\/script>\t\t<!-- Slideshow Gallery Javascript END --><!-- Slideshow Gallery CSS BEG --><style id=\"style-gallery1404\">        ul.slideshowgallery1404 { list-style:none !important; color:#fff; }\n        ul.slideshowgallery1404 span { display:none; }\n        #slideshow-wrappergallery1404 { overflow:hidden; position:relative; width:500px; background:#ffffff; padding:0 0 0 0; border:1px solid #CCCCCC; margin:0; display:none; }\n        #slideshow-wrappergallery1404 * { margin:0; padding:0; }\n        #slideshow-wrappergallery1404 #fullsizegallery1404 { position:relative; z-index:1; overflow:hidden; width:500px; height:300px; clear:both; border: none; }\n        #slideshow-wrappergallery1404 #informationgallery1404 { text-align:left; font-family:Verdana, Arial, Helvetica, sans-serif !important; position:absolute; bottom:0; width:500px; height:0; background:#000000; color:#ffffff; overflow:hidden; z-index:300; opacity:.7; filter:alpha(opacity=70); }\n        #slideshow-wrappergallery1404 #informationgallery1404 h3 { color:#ffffff; padding:4px 8px 3px; margin:0 !important; font-size:16px; font-weight:bold; }\n        #slideshow-wrappergallery1404 #informationgallery1404 a { color:#ffffff; }\n        #slideshow-wrappergallery1404 #informationgallery1404 p { color:#ffffff; padding:0 8px 8px; margin:0 !important; font-size: 14px; font-weight:normal; }\n        #slideshow-wrappergallery1404 .infotop { margin-bottom:8px !important; top:0; }\n        #slideshow-wrappergallery1404 .infobottom { margin-top:8px !important; bottom:0; }\n                    #slideshow-wrappergallery1404 #imagegallery1404 { width:500px; }\n            #slideshow-wrappergallery1404 #imagegallery1404 img { border:none; border-radius:0; box-shadow:none; position:absolute; height:auto; max-width:100%; margin:0 auto; display:block; }\n                #slideshow-wrappergallery1404 .imgnav { position:absolute; width:25%; height:100%; cursor:pointer; z-index:250; }\n        #slideshow-wrappergallery1404 #imgprevgallery1404:before { font-family:FontAwesome; content:\"\\f053\"; font-size:30px; color:white; visibility:visible; left:0; text-align:left; width: auto; height:auto; line-height:160%; top:50%; margin:-30px 0 0 0; border-radius:0 10px 10px 0; background:black; padding:3px 10px 0 10px; position: absolute; display: inline-block; }\n        #slideshow-wrappergallery1404 #imgprevgallery1404 { display:none; -moz-user-select: none; -khtml-user-select: none; -webkit-user-select: none; -o-user-select: none; left:0; font-size:0px; }\n        #slideshow-wrappergallery1404 #imgnextgallery1404:before { font-family:FontAwesome; content:\"\\f054\"; font-size:30px; color:white; visibility:visible; right:0; text-align:right; width: auto; height:auto; line-height:160%; top:50%; margin:-30px 0 0 0; border-radius:10px 0 0 10px; background:black; padding:3px 10px 0 10px; position: absolute; display: inline-block; }\n        #slideshow-wrappergallery1404 #imgnextgallery1404 { display:none; -moz-user-select: none; -khtml-user-select: none; -webkit-user-select: none; -o-user-select: none; right:0; font-size:0px; }\n        #slideshow-wrappergallery1404 #imglinkgallery1404 { position:absolute; zoom:1; background-color:#ffffff; height:100%; width:100%; left:0; z-index:149; opacity:0; filter:alpha(opacity=0); }\n        #slideshow-wrappergallery1404 .linkhover:before { font-family:FontAwesome; content:\"\\f14c\"; font-size:30px; text-align:center; height:auto; line-height:160%; width:auto; top:50%; left:auto; right:auto; margin:-30px 0 0 0; padding:0px 12px; display: inline-block; position: relative; background:black; color:white; border-radius:10px; }\n        #slideshow-wrappergallery1404 .linkhover { background:transparent !important; opacity:.4 !important; filter:alpha(opacity=40) !important; text-align:center; font-size:0px; }\n        #slideshow-wrappergallery1404 #thumbnailsgallery1404 { background:#ffffff; }\n        #slideshow-wrappergallery1404 .thumbstop { margin-bottom:8px !important; }\n        #slideshow-wrappergallery1404 .thumbsbot { margin-top:8px !important; }\n        #slideshow-wrappergallery1404 #slideleftgallery1404:before { font-family:FontAwesome; content: \"\\f104\"; color:#999; position: absolute; height: auto; line-height:160%; width: auto; display: inline-block; top: 50%; font-size: 30px; margin: -30px 0 0 0; padding: 0 5px; }\n        #slideshow-wrappergallery1404 #slideleftgallery1404 { text-align:left; float:left; position:relative; width:20px; height:89px; background:#222; }\n        #slideshow-wrappergallery1404 #slideleftgallery1404:hover { background-color:#333; }\n        #slideshow-wrappergallery1404 #sliderightgallery1404:before { font-family:FontAwesome; content: \"\\f105\"; color:#999; position: absolute; height: auto; line-height:160%; width: auto; display: inline-block; top: 50%; font-size: 30px; margin: -30px 0 0 0; padding: 0 5px; }\n        #slideshow-wrappergallery1404 #sliderightgallery1404 { text-align:left; float:right; position:relative; width:20px; height:89px; background:#222; }\n        #slideshow-wrappergallery1404 #sliderightgallery1404:hover { background-color:#333; }\n        #slideshow-wrappergallery1404 #slideareagallery1404 { float:left; position:relative; background:#ffffff; width:445px; margin:0 5px; height:89px; overflow:hidden; }\n        #slideshow-wrappergallery1404 #slidergallery1404 { position:absolute; width:1059px !important; left:0; height:89px; }\n        #slideshow-wrappergallery1404 #slidergallery1404 img { width:100px; height:75px; cursor:pointer; border:1px solid #666; padding:2px; float:left !important; }\n        #slideshow-wrappergallery1404 #spinnergallery1404 { position:relative; top:50%; left:45%; text-align:left; font-size:30px; }\n        #slideshow-wrappergallery1404 #spinnergallery1404 img { border:none; }\n                @media (max-width:480px) { \t.slideshow-information { display: none !important; } }\n                        @media (max-width:480px) { \t.slideshow-thumbnails { display: none !important; } }\n            <\/style><!-- Slideshow Gallery CSS END --><\/div>\n\n\n\n<h1 class=\"wp-block-heading\">Wir vereinen Sorgfalt, Pr\u00e4zision und&nbsp;Zuverl\u00e4ssigkeit<\/h1>\n","protected":false},"excerpt":{"rendered":"<p>Herzlich willkommen im Vermessungsb\u00fcro Middendorf Wir vereinen Sorgfalt, Pr\u00e4zision und&nbsp;Zuverl\u00e4ssigkeit<\/p>\n","protected":false},"author":1,"featured_media":0,"parent":0,"menu_order":0,"comment_status":"closed","ping_status":"closed","template":"","meta":{"footnotes":""},"class_list":["post-10","page","type-page","status-publish","hentry"],"_links":{"self":[{"href":"https:\/\/www.middendorf-vermessung.de\/index.php?rest_route=\/wp\/v2\/pages\/10","targetHints":{"allow":["GET"]}}],"collection":[{"href":"https:\/\/www.middendorf-vermessung.de\/index.php?rest_route=\/wp\/v2\/pages"}],"about":[{"href":"https:\/\/www.middendorf-vermessung.de\/index.php?rest_route=\/wp\/v2\/types\/page"}],"author":[{"embeddable":true,"href":"https:\/\/www.middendorf-vermessung.de\/index.php?rest_route=\/wp\/v2\/users\/1"}],"replies":[{"embeddable":true,"href":"https:\/\/www.middendorf-vermessung.de\/index.php?rest_route=%2Fwp%2Fv2%2Fcomments&post=10"}],"version-history":[{"count":30,"href":"https:\/\/www.middendorf-vermessung.de\/index.php?rest_route=\/wp\/v2\/pages\/10\/revisions"}],"predecessor-version":[{"id":175,"href":"https:\/\/www.middendorf-vermessung.de\/index.php?rest_route=\/wp\/v2\/pages\/10\/revisions\/175"}],"wp:attachment":[{"href":"https:\/\/www.middendorf-vermessung.de\/index.php?rest_route=%2Fwp%2Fv2%2Fmedia&parent=10"}],"curies":[{"name":"wp","href":"https:\/\/api.w.org\/{rel}","templated":true}]}}