{"id":20,"date":"2015-04-13T21:40:37","date_gmt":"2015-04-13T19:40:37","guid":{"rendered":"http:\/\/www.middendorf-vermessung.de\/?page_id=20"},"modified":"2015-04-14T16:59:35","modified_gmt":"2015-04-14T14:59:35","slug":"impressum","status":"publish","type":"page","link":"https:\/\/www.middendorf-vermessung.de\/?page_id=20","title":{"rendered":"Impressum"},"content":{"rendered":"<p><strong>Impressum<\/strong><br \/>\nDipl.-Ing. J\u00f6rg Middendorf<br \/>\nzugelassen von der Bezirksregierung M\u00fcnster<br \/>\nin Nordrhein-Westfalen (Deutschland) seit 3. November 1997<br \/>\nals \u00d6ffentlich bestellter Vermessungsingenieur (\u00d6bVI)<\/p>\n<p><strong>Adresse und elektronische Kontaktaufnahme<\/strong><br \/>\nGewerbepark Gr\u00fcner Weg 32<br \/>\n59269 Beckum<br \/>\nTel. 02521 85125-1<br \/>\nFax 02521 851260<br \/>\nmiddendorf (at) middendorf-vermessung.de<\/p>\n<p><strong>Mitgliedschaften<\/strong><br \/>\nMitglied im Bund der \u00d6ffentlich bestellten Vermessungsingenieure e. V. (BDVI)<br \/>\nLuisenstr. 46, 10177 Berlin<br \/>\nTel. 030 2408383<br \/>\nFax 030 24083859<br \/>\ne-mail: info(at)bdvi.de<br \/>\nInternet: http:\/\/www.bdvi.de<br \/>\nPflichtmitglied in der Ingenieurkammer-Bau Nordrhein-Westfalen (IKBAUNW)<br \/>\nCarlsplatz 21<br \/>\n40213 D\u00fcsseldorf<br \/>\nTel. 0211 13067-0<br \/>\nFax 0211 13067-150<br \/>\ne-mail: info(at)ikbaunrw.de<\/p>\n<p>Beh\u00f6rdliche Zulassung und zust\u00e4ndige Aufsichtsbeh\u00f6rde f\u00fcr hoheitliche (\u00f6ffentlich-rechtliche) Vermessungsarbeiten ist die Bezirksregierung M\u00fcnster, Dezernat 33, Domplatz 1-3, 48143 M\u00fcnster, Registernummer: 0416<\/p>\n<p>Zust\u00e4ndige Kammer und Aufsichtsbeh\u00f6rde f\u00fcr privat-rechtliche Vermessungsarbeiten ist die Ingenieurkammer-Bau NRW, Carlsplatz 21, 40213 D\u00fcsseldorf, Registernummer: 200477<\/p>\n<p><strong>Berufsrechtliche Regelungen<\/strong><br \/>\nAls \u00f6ffentlich bestellter Vermessungsingenieur bin ich f\u00fcr alle hoheitlichen Vermessungsarbeiten im Land Nordrhein-Westfalen zugelassen und unterstehe dabei der Aufsicht der Bezirksregierung M\u00fcnster.<br \/>\nBei der Ausf\u00fchrung von hoheitlichen Vermessungsarbeiten bin ich besonders an die folgenden Fachgesetze gebunden:<br \/>\nVermessungs- und Katastergesetz- VermKatG NRW \u2013 vom 30. Mai 1990 in der Fassung des Gesetzes zur Modernisierung der Vermessungs- und Katasterwesens (Katastermodernisierungsgesetz) vom 1. M\u00e4rz 2005 (GV.NRW.2005 S. 174)\u00a0Verordnung zur Durchf\u00fchrung des Gesetzes \u00fcber die Landesvermessung und des Liegenschaftskataster \u2013 DVOz VermKatG NRW \u2013 vom 25. Oktober 2006 (GV.NRW.2006 S. 462)\u00a0Berufsordnung f\u00fcr die \u00d6ffentlich bestellten Vermessungsingenieure in NRW in der jeweils g\u00fcltigen Fassung (GV.NRW.1992 S. 254)\u00a0Die gesetzlichen Grundlagen zu den Kostenfestsetzungen sind die Kostenordnung f\u00fcr die \u00d6ffentlich bestellten Vermessungsingenieure in Nordrhein-Westfalen (ObVermIngKO NRW) vom 21. Januar 2002 \u2013 GV.NRW.2002 S. 47 \u2013 in der Fassung vom 27. Mai 2004 \u2013 GV.NRW.2004 S 286 \u2013 mit dem Vermessungsgeb\u00fchrentarif (VermGebT) der Geb\u00fchrenordnung f\u00fcr die Vermessungs- und Katasterbeh\u00f6rden in Nordrhein-Westfalen (VermGebO NRW) in der Fassung vom 27. Mai 2004 \u2013 GV.NRW.2004 S. 282 -, in Kraft getreten am 1. September 2004, sowie das Geb\u00fchrengesetz f\u00fcr das Land Nordrhein-Westfalen (GebG NRW) in Verbindung mit \u00a7 5 der Allgemeinen Verwaltungsgeb\u00fchrenordnung (AVerwGebO NRW).<br \/>\nIngenieurkammergesetz vom 21. Dezember 1978 (GVBI. S. 763), ge\u00e4ndert durch \u00a7 12 des Gesetzes vom 20. Juli 1998 (GVBI. S. 216), BS 714-1<\/p>\n<p>Steuernummer: 304\/5132\/055<\/p>\n","protected":false},"excerpt":{"rendered":"<p>Impressum Dipl.-Ing. J\u00f6rg Middendorf zugelassen von der Bezirksregierung M\u00fcnster in Nordrhein-Westfalen (Deutschland) seit 3. November 1997 als \u00d6ffentlich bestellter Vermessungsingenieur (\u00d6bVI) Adresse und elektronische Kontaktaufnahme Gewerbepark Gr\u00fcner Weg 32 59269 Beckum Tel. 02521 85125-1 Fax 02521 851260 middendorf (at) middendorf-vermessung.de Mitgliedschaften Mitglied im Bund der \u00d6ffentlich bestellten Vermessungsingenieure e. V. (BDVI) Luisenstr. 46, 10177 Berlin\u2026 <span class=\"read-more\"><a href=\"https:\/\/www.middendorf-vermessung.de\/?page_id=20\">Weiterlesen &raquo;<\/a><\/span><\/p>\n","protected":false},"author":1,"featured_media":0,"parent":0,"menu_order":7,"comment_status":"closed","ping_status":"closed","template":"","meta":{"footnotes":""},"class_list":["post-20","page","type-page","status-publish","hentry"],"_links":{"self":[{"href":"https:\/\/www.middendorf-vermessung.de\/index.php?rest_route=\/wp\/v2\/pages\/20","targetHints":{"allow":["GET"]}}],"collection":[{"href":"https:\/\/www.middendorf-vermessung.de\/index.php?rest_route=\/wp\/v2\/pages"}],"about":[{"href":"https:\/\/www.middendorf-vermessung.de\/index.php?rest_route=\/wp\/v2\/types\/page"}],"author":[{"embeddable":true,"href":"https:\/\/www.middendorf-vermessung.de\/index.php?rest_route=\/wp\/v2\/users\/1"}],"replies":[{"embeddable":true,"href":"https:\/\/www.middendorf-vermessung.de\/index.php?rest_route=%2Fwp%2Fv2%2Fcomments&post=20"}],"version-history":[{"count":3,"href":"https:\/\/www.middendorf-vermessung.de\/index.php?rest_route=\/wp\/v2\/pages\/20\/revisions"}],"predecessor-version":[{"id":77,"href":"https:\/\/www.middendorf-vermessung.de\/index.php?rest_route=\/wp\/v2\/pages\/20\/revisions\/77"}],"wp:attachment":[{"href":"https:\/\/www.middendorf-vermessung.de\/index.php?rest_route=%2Fwp%2Fv2%2Fmedia&parent=20"}],"curies":[{"name":"wp","href":"https:\/\/api.w.org\/{rel}","templated":true}]}}