{"id":8,"date":"2015-04-13T21:37:20","date_gmt":"2015-04-13T19:37:20","guid":{"rendered":"http:\/\/www.middendorf-vermessung.de\/?page_id=8"},"modified":"2023-05-06T06:41:22","modified_gmt":"2023-05-06T04:41:22","slug":"info","status":"publish","type":"page","link":"https:\/\/www.middendorf-vermessung.de\/?page_id=8","title":{"rendered":"Info"},"content":{"rendered":"<h4>Hier haben wir Links mit interessanten Informationen f\u00fcr Sie zusammengestellt:<\/h4>\n<p><a href=\"https:\/\/recht.nrw.de\/lmi\/owa\/br_text_anzeigen?v_id=74820170630142752068\" target=\"_blank\" rel=\"noopener noreferrer\">Ihre Landesbauordnung NRW<\/a><\/p>\n<p><a href=\"https:\/\/recht.nrw.de\/lmi\/owa\/br_text_anzeigen?v_id=720050120105339187\" target=\"_blank\" rel=\"noopener noreferrer\">Inhalte des amtl. Lageplanes<\/a><\/p>\n<p><a href=\"https:\/\/www.bdvi.de\/de\/leistungen\/bauherren\" target=\"_blank\" rel=\"noopener noreferrer\">Unser Berufsverband BDVI- f\u00fcr Bauherren<\/a><\/p>\n<p><a href=\"https:\/\/www.bodenrichtwerte-boris.de\/boris-d\/?lang=de\" target=\"_blank\" rel=\"noopener\">Finden Sie Ihren Bodenrichtwert<\/a><\/p>\n<p><a href=\"https:\/\/www.tim-online.nrw.de\/tim-online2\/\" target=\"_blank\" rel=\"noopener\">Finden Sie Ihr Grundst\u00fcck<\/a><\/p>\n<p>\u00a0<\/p>\n<p>Trotz sorgf\u00e4ltiger inhaltlicher Kontrolle \u00fcbernehmen wir keine Haftung f\u00fcr die Inhalte externer Links. F\u00fcr den Inhalt der verlinkten Seiten sind ausschlie\u00dflich deren Betreiber verantwortlich.<\/p>\n\n\n<p><\/p>\n","protected":false},"excerpt":{"rendered":"<p>Hier haben wir Links mit interessanten Informationen f\u00fcr Sie zusammengestellt: Ihre Landesbauordnung NRW Inhalte des amtl. Lageplanes Unser Berufsverband BDVI- f\u00fcr Bauherren Finden Sie Ihren Bodenrichtwert Finden Sie Ihr Grundst\u00fcck \u00a0 Trotz sorgf\u00e4ltiger inhaltlicher Kontrolle \u00fcbernehmen wir keine Haftung f\u00fcr die Inhalte externer Links. F\u00fcr den Inhalt der verlinkten Seiten sind ausschlie\u00dflich deren Betreiber verantwortlich.<\/p>\n","protected":false},"author":1,"featured_media":0,"parent":0,"menu_order":6,"comment_status":"closed","ping_status":"closed","template":"","meta":{"footnotes":""},"class_list":["post-8","page","type-page","status-publish","hentry"],"_links":{"self":[{"href":"https:\/\/www.middendorf-vermessung.de\/index.php?rest_route=\/wp\/v2\/pages\/8","targetHints":{"allow":["GET"]}}],"collection":[{"href":"https:\/\/www.middendorf-vermessung.de\/index.php?rest_route=\/wp\/v2\/pages"}],"about":[{"href":"https:\/\/www.middendorf-vermessung.de\/index.php?rest_route=\/wp\/v2\/types\/page"}],"author":[{"embeddable":true,"href":"https:\/\/www.middendorf-vermessung.de\/index.php?rest_route=\/wp\/v2\/users\/1"}],"replies":[{"embeddable":true,"href":"https:\/\/www.middendorf-vermessung.de\/index.php?rest_route=%2Fwp%2Fv2%2Fcomments&post=8"}],"version-history":[{"count":15,"href":"https:\/\/www.middendorf-vermessung.de\/index.php?rest_route=\/wp\/v2\/pages\/8\/revisions"}],"predecessor-version":[{"id":179,"href":"https:\/\/www.middendorf-vermessung.de\/index.php?rest_route=\/wp\/v2\/pages\/8\/revisions\/179"}],"wp:attachment":[{"href":"https:\/\/www.middendorf-vermessung.de\/index.php?rest_route=%2Fwp%2Fv2%2Fmedia&parent=8"}],"curies":[{"name":"wp","href":"https:\/\/api.w.org\/{rel}","templated":true}]}}